{"id":518,"date":"2024-04-19T11:12:19","date_gmt":"2024-04-19T11:12:19","guid":{"rendered":"https:\/\/vonmathus.is\/home\/"},"modified":"2025-01-24T11:07:17","modified_gmt":"2025-01-24T11:07:17","slug":"home","status":"publish","type":"page","link":"https:\/\/vonmathus.is\/en\/","title":{"rendered":"Home"},"content":{"rendered":"\t\t<div data-elementor-type=\"wp-post\" data-elementor-id=\"518\" class=\"elementor elementor-518 elementor-9\" data-elementor-post-type=\"page\">\n\t\t\t\t<div class=\"elementor-element elementor-element-eeb2c6c e-flex e-con-boxed e-con e-parent\" data-id=\"eeb2c6c\" data-element_type=\"container\" data-e-type=\"container\" data-settings=\"{&quot;background_background&quot;:&quot;slideshow&quot;,&quot;background_slideshow_gallery&quot;:[{&quot;id&quot;:157,&quot;url&quot;:&quot;https:\\\/\\\/vonmathus.is\\\/wp-content\\\/uploads\\\/2024\\\/04\\\/web.jpg&quot;},{&quot;id&quot;:105,&quot;url&quot;:&quot;https:\\\/\\\/vonmathus.is\\\/wp-content\\\/uploads\\\/2024\\\/04\\\/VON_BK212906.jpg&quot;},{&quot;id&quot;:68,&quot;url&quot;:&quot;https:\\\/\\\/vonmathus.is\\\/wp-content\\\/uploads\\\/2024\\\/04\\\/VON_BK212291.jpg&quot;},{&quot;id&quot;:137,&quot;url&quot;:&quot;https:\\\/\\\/vonmathus.is\\\/wp-content\\\/uploads\\\/2024\\\/04\\\/VON_BK217555.jpg&quot;},{&quot;id&quot;:155,&quot;url&quot;:&quot;https:\\\/\\\/vonmathus.is\\\/wp-content\\\/uploads\\\/2024\\\/04\\\/VON_BK211942.jpg&quot;},{&quot;id&quot;:85,&quot;url&quot;:&quot;https:\\\/\\\/vonmathus.is\\\/wp-content\\\/uploads\\\/2024\\\/04\\\/VON_BK212582.jpg&quot;},{&quot;id&quot;:72,&quot;url&quot;:&quot;https:\\\/\\\/vonmathus.is\\\/wp-content\\\/uploads\\\/2024\\\/04\\\/VON_BK212348.jpg&quot;},{&quot;id&quot;:120,&quot;url&quot;:&quot;https:\\\/\\\/vonmathus.is\\\/wp-content\\\/uploads\\\/2024\\\/04\\\/VON_BK213153.jpg&quot;},{&quot;id&quot;:51,&quot;url&quot;:&quot;https:\\\/\\\/vonmathus.is\\\/wp-content\\\/uploads\\\/2024\\\/04\\\/VON_BK211994.jpg&quot;},{&quot;id&quot;:140,&quot;url&quot;:&quot;https:\\\/\\\/vonmathus.is\\\/wp-content\\\/uploads\\\/2024\\\/04\\\/VON_BK217688.jpg&quot;}],&quot;background_slideshow_slide_duration&quot;:3000,&quot;background_slideshow_ken_burns&quot;:&quot;yes&quot;,&quot;background_slideshow_loop&quot;:&quot;yes&quot;,&quot;background_slideshow_slide_transition&quot;:&quot;fade&quot;,&quot;background_slideshow_transition_duration&quot;:500,&quot;background_slideshow_ken_burns_zoom_direction&quot;:&quot;in&quot;}\">\n\t\t\t\t\t<div class=\"e-con-inner\">\n\t\t\t\t<div class=\"elementor-element elementor-element-46fabd7 elementor-widget elementor-widget-heading\" data-id=\"46fabd7\" data-element_type=\"widget\" data-e-type=\"widget\" data-widget_type=\"heading.default\">\n\t\t\t\t\t<h2 class=\"elementor-heading-title elementor-size-default\">welcome to Von math\u00fas<\/h2>\t\t\t\t<\/div>\n\t\t\t\t<div class=\"elementor-element elementor-element-3697c63 elementor-widget elementor-widget-heading\" data-id=\"3697c63\" data-element_type=\"widget\" data-e-type=\"widget\" data-widget_type=\"heading.default\">\n\t\t\t\t\t<h2 class=\"elementor-heading-title elementor-size-default\">Great atmosphere, cocktails and good food<\/h2>\t\t\t\t<\/div>\n\t\t\t\t<div class=\"elementor-element elementor-element-c14ec44 elementor-widget elementor-widget-text-editor\" data-id=\"c14ec44\" data-element_type=\"widget\" data-e-type=\"widget\" data-widget_type=\"text-editor.default\">\n\t\t\t\t\t\t\t\t\t<p>Experience good times by the harbor in Hafnarfj\u00f6r\u00f0ur<\/p>\n\t\t\t\t\t\t\t\t<\/div>\n\t\t\t\t<div class=\"elementor-element elementor-element-b3ffc52 elementor-align-center elementor-widget elementor-widget-button\" data-id=\"b3ffc52\" data-element_type=\"widget\" data-e-type=\"widget\" data-widget_type=\"button.default\">\n\t\t\t\t\t\t\t\t\t\t<a class=\"elementor-button elementor-button-link elementor-size-sm elementor-animation-shrink\" href=\"https:\/\/www.dineout.is\/von?isolation=true&#038;lng=is\" target=\"_blank\" rel=\"noopener\">\n\t\t\t\t\t\t<span class=\"elementor-button-content-wrapper\">\n\t\t\t\t\t\t\t\t\t<span class=\"elementor-button-text\">Book a table<\/span>\n\t\t\t\t\t<\/span>\n\t\t\t\t\t<\/a>\n\t\t\t\t\t\t\t\t<\/div>\n\t\t\t\t\t<\/div>\n\t\t\t\t<\/div>\n\t\t\t\t<section class=\"elementor-section elementor-top-section elementor-element elementor-element-7aabd3d elementor-reverse-mobile elementor-section-boxed elementor-section-height-default elementor-section-height-default\" data-id=\"7aabd3d\" data-element_type=\"section\" data-e-type=\"section\" data-settings=\"{&quot;background_background&quot;:&quot;classic&quot;}\">\n\t\t\t\t\t\t\t<div class=\"elementor-background-overlay\"><\/div>\n\t\t\t\t\t\t\t<div class=\"elementor-container elementor-column-gap-default\">\n\t\t\t\t\t<div class=\"elementor-column elementor-col-50 elementor-top-column elementor-element elementor-element-fdeef54\" data-id=\"fdeef54\" data-element_type=\"column\" data-e-type=\"column\" data-settings=\"{&quot;background_background&quot;:&quot;classic&quot;}\">\n\t\t\t<div class=\"elementor-widget-wrap elementor-element-populated\">\n\t\t\t\t\t\t<div class=\"elementor-element elementor-element-bf41798 elementor-widget elementor-widget-image\" data-id=\"bf41798\" data-element_type=\"widget\" data-e-type=\"widget\" data-widget_type=\"image.default\">\n\t\t\t\t\t\t\t\t\t\t\t\t\t\t\t<img fetchpriority=\"high\" decoding=\"async\" width=\"683\" height=\"1024\" src=\"https:\/\/vonmathus.is\/wp-content\/uploads\/2024\/04\/VON_BK212549-683x1024.jpg\" class=\"elementor-animation-shrink attachment-large size-large wp-image-417\" alt=\"\" srcset=\"https:\/\/vonmathus.is\/wp-content\/uploads\/2024\/04\/VON_BK212549-683x1024.jpg 683w, https:\/\/vonmathus.is\/wp-content\/uploads\/2024\/04\/VON_BK212549-200x300.jpg 200w, https:\/\/vonmathus.is\/wp-content\/uploads\/2024\/04\/VON_BK212549-768x1152.jpg 768w, https:\/\/vonmathus.is\/wp-content\/uploads\/2024\/04\/VON_BK212549.jpg 1000w\" sizes=\"(max-width: 683px) 100vw, 683px\" \/>\t\t\t\t\t\t\t\t\t\t\t\t\t\t\t<\/div>\n\t\t\t\t\t<\/div>\n\t\t<\/div>\n\t\t\t\t<div class=\"elementor-column elementor-col-50 elementor-top-column elementor-element elementor-element-371eb4ef\" data-id=\"371eb4ef\" data-element_type=\"column\" data-e-type=\"column\">\n\t\t\t<div class=\"elementor-widget-wrap elementor-element-populated\">\n\t\t\t\t\t\t<div class=\"elementor-element elementor-element-3bfd4b36 elementor-widget__width-initial elementor-widget elementor-widget-heading\" data-id=\"3bfd4b36\" data-element_type=\"widget\" data-e-type=\"widget\" data-widget_type=\"heading.default\">\n\t\t\t\t\t<h2 class=\"elementor-heading-title elementor-size-default\">WHERE connoisseurs MEET<\/h2>\t\t\t\t<\/div>\n\t\t\t\t<div class=\"elementor-element elementor-element-47c65664 elementor-widget elementor-widget-text-editor\" data-id=\"47c65664\" data-element_type=\"widget\" data-e-type=\"widget\" data-widget_type=\"text-editor.default\">\n\t\t\t\t\t\t\t\t\t<p>Whether it&#8217;s a celebratory dinner or a casual lunch, our guests can enjoy mouth-watering dishes prepared by passionate chefs, as well as an impressive selection of drinks.<\/p>\n\t\t\t\t\t\t\t\t<\/div>\n\t\t\t\t<div class=\"elementor-element elementor-element-a1dbb5e elementor-mobile-align-center elementor-widget elementor-widget-button\" data-id=\"a1dbb5e\" data-element_type=\"widget\" data-e-type=\"widget\" data-widget_type=\"button.default\">\n\t\t\t\t\t\t\t\t\t\t<a class=\"elementor-button elementor-button-link elementor-size-sm elementor-animation-shrink\" href=\"https:\/\/vonmathus.is\/en\/evening-menu\/\">\n\t\t\t\t\t\t<span class=\"elementor-button-content-wrapper\">\n\t\t\t\t\t\t\t\t\t<span class=\"elementor-button-text\">Our menu<\/span>\n\t\t\t\t\t<\/span>\n\t\t\t\t\t<\/a>\n\t\t\t\t\t\t\t\t<\/div>\n\t\t\t\t\t<\/div>\n\t\t<\/div>\n\t\t\t\t\t<\/div>\n\t\t<\/section>\n\t\t\t\t<section class=\"elementor-section elementor-top-section elementor-element elementor-element-7207776 elementor-section-height-min-height elementor-section-boxed elementor-section-height-default elementor-section-items-middle\" data-id=\"7207776\" data-element_type=\"section\" data-e-type=\"section\" data-settings=\"{&quot;background_background&quot;:&quot;classic&quot;}\">\n\t\t\t\t\t\t\t<div class=\"elementor-background-overlay\"><\/div>\n\t\t\t\t\t\t\t<div class=\"elementor-container elementor-column-gap-no\">\n\t\t\t\t\t<div class=\"elementor-column elementor-col-100 elementor-top-column elementor-element elementor-element-7e475b71\" data-id=\"7e475b71\" data-element_type=\"column\" data-e-type=\"column\">\n\t\t\t<div class=\"elementor-widget-wrap elementor-element-populated\">\n\t\t\t\t\t\t<div class=\"elementor-element elementor-element-3f39816 elementor-widget elementor-widget-heading\" data-id=\"3f39816\" data-element_type=\"widget\" data-e-type=\"widget\" data-widget_type=\"heading.default\">\n\t\t\t\t\t<h2 class=\"elementor-heading-title elementor-size-default\">The place features a mix of rustic and modern design. The menu includes mouth-watering dishes cooked with passion by our master chefs.<\/h2>\t\t\t\t<\/div>\n\t\t\t\t\t<\/div>\n\t\t<\/div>\n\t\t\t\t\t<\/div>\n\t\t<\/section>\n\t\t\t\t<\/div>\n\t\t","protected":false},"excerpt":{"rendered":"<p>welcome to Von math\u00fas Great atmosphere, cocktails and good food Experience good times by the harbor in Hafnarfj\u00f6r\u00f0ur Book a table WHERE connoisseurs MEET Whether it&#8217;s a celebratory dinner or a casual lunch, our guests can enjoy mouth-watering dishes prepared by passionate chefs, as well as an impressive selection of drinks. Our menu The place [&hellip;]<\/p>\n","protected":false},"author":1,"featured_media":0,"parent":0,"menu_order":0,"comment_status":"closed","ping_status":"closed","template":"","meta":{"footnotes":""},"class_list":["post-518","page","type-page","status-publish","hentry"],"_links":{"self":[{"href":"https:\/\/vonmathus.is\/en\/wp-json\/wp\/v2\/pages\/518","targetHints":{"allow":["GET"]}}],"collection":[{"href":"https:\/\/vonmathus.is\/en\/wp-json\/wp\/v2\/pages"}],"about":[{"href":"https:\/\/vonmathus.is\/en\/wp-json\/wp\/v2\/types\/page"}],"author":[{"embeddable":true,"href":"https:\/\/vonmathus.is\/en\/wp-json\/wp\/v2\/users\/1"}],"replies":[{"embeddable":true,"href":"https:\/\/vonmathus.is\/en\/wp-json\/wp\/v2\/comments?post=518"}],"version-history":[{"count":0,"href":"https:\/\/vonmathus.is\/en\/wp-json\/wp\/v2\/pages\/518\/revisions"}],"wp:attachment":[{"href":"https:\/\/vonmathus.is\/en\/wp-json\/wp\/v2\/media?parent=518"}],"curies":[{"name":"wp","href":"https:\/\/api.w.org\/{rel}","templated":true}]}}